{"id":5472,"date":"2021-02-12T16:59:53","date_gmt":"2021-02-12T16:59:53","guid":{"rendered":"https:\/\/germanmarcano.com\/germansite\/?page_id=5472"},"modified":"2021-02-12T17:05:15","modified_gmt":"2021-02-12T17:05:15","slug":"cellistas-y-compositores-tchaikovski","status":"publish","type":"page","link":"https:\/\/germanmarcano.com\/germansite\/en\/cellistas-y-compositores-tchaikovski\/","title":{"rendered":"Cellists and composers"},"content":{"rendered":"<p><section class=\"kc-elm kc-css-616324 kc_row\"><div class=\"kc-row-container  kc-container\"><div class=\"kc-wrap-columns\"><div class=\"kc-elm kc-css-903909 kc_col-sm-12 kc_column kc_col-sm-12\"><div class=\"kc-col-container\">\n<div class=\"kc-elm kc-css-52116 kc-title-wrap \">\n\n\t<h1 class=\"kc_title\">\u00a1Mira lo que le ha hecho a mi pieza !. Las variaciones sobre un tema rococ\u00f3 op. 33 de Tchaikovski<\/h1>\n<\/div>\n<\/div><\/div><\/div><\/div><\/section><section data-kc-fullwidth=\"content\" class=\"kc-elm kc-css-121054 kc_row\"><div class=\"kc-row-container\"><div class=\"kc-wrap-columns\"><div class=\"kc-elm kc-css-196664 kc_col-sm-12 kc_column kc_col-sm-12\"><div class=\"kc-col-container\"><div class=\"kc-elm kc-css-719343 kc_text_block\"><\/p>\n<p>Una de las piezas para violonchelo m\u00e1s populares, siempre presente en el repertorio de todos los principales violonchelistas y orquestas del mundo son las conocidas \u201cVariaciones Rococ\u00f3 Op. 33\u201d, de Pyotr Ilich Tchaikowski. Es dif\u00edcil de creer para cualquier estudiante o amante de la m\u00fasica que la versi\u00f3n que la mayor\u00eda de los violonchelistas tocan y conocen es en realidad una revisi\u00f3n no hecha o aprobada por el compositor. La historia de esta gran obra es muy problem\u00e1tica y termin\u00f3 con uno de los mejores o peores casos de colaboraci\u00f3n entre un compositor y un int\u00e9rprete. Es \u00fatil recordar que en el siglo XIX los instrumentistas tambi\u00e9n eran compositores y la idea de la colaboraci\u00f3n pura era un asunto muy complicado.<\/p>\n<p>El violonchelista para quien se escribieron originalmente las Variaciones rococ\u00f3 fue el alem\u00e1n Wilhelm Fitzenhagen (1848-90). Fue un alumno muy talentoso de Theodore Muller y Fridrich Grutzmacher en Dresden. Al principio de su carrera, Fitzenhagen trabaj\u00f3 en la Capilla Real de Dresden. Su interpretaci\u00f3n caus\u00f3 una impresi\u00f3n tan positiva en Franz Liszt durante el Festival Beethoven en Weimar en 1870, que el compositor h\u00fangaro insisti\u00f3 en que se quedara y tomara un puesto en la orquesta de la ciudad. En ese momento Fitzenhagen hab\u00eda recibido una oferta m\u00e1s interesante del Conservatorio Imperial de Mosc\u00fa, como profesor de violonchelo, cargo que ocup\u00f3 y mantuvo durante el resto de su vida. Su fama como el pedagogo de violonchelo m\u00e1s importante de Rusia se extendi\u00f3 r\u00e1pidamente, recibiendo estudiantes talentosos de toda Europa. Fitzenhagen fue nombrado violonchelo principal de la Sociedad Musical Imperial Rusa y director de la Uni\u00f3n Musical y Orquestal de Mosc\u00fa, instituciones con las que tambi\u00e9n hizo una carrera en solitario. Como compositor, Fitzenhagen produjo una serie de piezas para violonchelo, entre ellas cuatro conciertos, una suite para violonchelo y orquesta, Salon Music y un cuarteto de cuerdas que fue galardonado con el premio St Petersburgh Chamber Music Union Prize.<\/p>\n<\/p>\n<p>Fitzenhagen y Tchaikovski se conocieron en Rusia cuando el violonchelista particip\u00f3 en las primeras interpretaciones de los tres cuartetos de cuerda y el tr\u00edo de piano del compositor. A pesar de su amplio conocimiento en escritura de cuerdas, Tchaikovski siempre mostr\u00f3 cierta incertidumbre sobre las partes instrumentales, que en la mayor\u00eda de los casos exig\u00eda que fueran revisadas por h\u00e1biles int\u00e9rpretes. Antes de imprimir la partitura del tr\u00edo de piano en La menor, Tchaikovski escribi\u00f3 a Yurgenson, su editor:<\/p>\n<p><em>\u201c&#8230; es vital que Taneyev, Hrimaly y Fitzenhagen lo interpreten &#8230; Me gustar\u00eda mucho que Karlusha (Albrecht), Kashkin, Hubert y su esposa y todo nuestro c\u00edrculo estuvieran presentes en esta prueba. Es absolutamente crucial que Karlusha o alg\u00fan otro int\u00e9rprete de cuerdas experto observe de cerca las marcas de mis arcos y haga las correcciones adecuadas\u201d.<a href=\"#_ftn1\" name=\"_ftnref1\"><strong>[1]<\/strong><\/a><\/em><\/p>\n<p>Sent\u00eda un gran respeto por Fitzenhagen y siempre animaba al violonchelista a que le diera sus consejos en lo que respecta a la escritura instrumental. Ansioso por interpretar una pieza en solitario del compositor ruso, Fitzenhagen encarg\u00f3 una obra, que podr\u00eda interpretar en un concierto de la Sociedad Musical Rusa en noviembre de 1877. El resultado de esta interacci\u00f3n fue la composici\u00f3n de las Variaciones Rococ\u00f3, que, despu\u00e9s de unas pocas alteraciones en la parte instrumental, fue estrenada por Fitzenhagen con la direcci\u00f3n de Nicolay Rubinstein.<\/p>\n<\/p>\n<p>Desde el principio, Tchaikovski le dio a Fitzenhagen mucha libertad en las alteraciones de la parte del violonchelo, hasta el punto de que en la partitura aut\u00f3grafa la mayor\u00eda de las marcas est\u00e1n escritas a mano por el violonchelista. Tchaikovski arregl\u00f3 con Jurgenson la publicaci\u00f3n de una partitura para piano de la obra y confi\u00f3 en Fitzenhagen para hacer la edici\u00f3n final mientras \u00e9l viajaba fuera de Rusia para recuperarse de su recientemente fallido matrimonio. Con el compositor ausente, Fitzenhagen comenz\u00f3 a realizar cambios sustanciales en la m\u00fasica, alterando el orden original de las variaciones, agregando repeticiones y omitiendo la \u00faltima variaci\u00f3n por completo. Jurgensen, a quien no le gust\u00f3 lo que hacia Fitzenhagen, escribi\u00f3 al Tchaikovski en marzo de 1878 para advertirle sobre las alteraciones realizadas:<\/p>\n<p><em>\u201cOdioso Fitzenhagen. Es muy importuno al desear alterar tu pieza de violonchelo para adaptarla al instrumento, y dice que le has dado plena autoridad para hacerlo. Dios cielos! Tchaikovski revu et corrig\u00e9 par Fitzenhagen.\u201d<a href=\"#_ftn2\" name=\"_ftnref2\"><strong>[2]<\/strong><\/a><\/em><\/p>\n<p><em>\u00a0<\/em><\/p>\n<p>Jurgensen finalmente public\u00f3 la versi\u00f3n de Fitzenhagen, ya que el propio Tchaikovski originalmente hab\u00eda autorizado al violonchelista para la edici\u00f3n de la obra. Fitzenhagen dio una serie de representaciones de su versi\u00f3n, destacandose la del Festival de Wiesbaden en junio de 1879, y escribi\u00f3 a Tchaikovski sobre el \u00e9xito de la obra:<\/p>\n<p><em>\u201cProduje furor con tus variaciones. Me complaci\u00f3 tanto que me llamaron tres veces, y despu\u00e9s de la variaci\u00f3n Andante (Re menor)<a href=\"#_ftn3\" name=\"_ftnref3\"><strong>[3]<\/strong><\/a> hubo un aplauso tormentoso. Liszt me dijo: \u201c\u00a1Me llevaste! Tocaste espl\u00e9ndidamente \u201d, y respecto a tu pieza observ\u00f3:\u201c Ahora ah\u00ed, al menos, hay m\u00fasica de verdad \u201d.<a href=\"#_ftn4\" name=\"_ftnref4\"><strong>[4]<\/strong><\/a><\/em><\/p>\n<p><em>\u00a0<\/em><\/p>\n<p>Seg\u00fan Jurgenson, Tchaikovski no hizo muchos cambios cuando apareci\u00f3 la partitura para piano en 1878, solo coment\u00f3 que Fitzenhagen hab\u00eda hecho un mal trabajo con las pruebas. Pero cuando se public\u00f3 una partitura completa en 1889, el compositor estaba amargamente disgustado por la versi\u00f3n de Fitzenhagen, tal como lo coment\u00f3 Anatoly Brandukov:<\/p>\n<p><em>\u201cEn una de mis visitas a Pyotr Ilich lo encontr\u00e9 muy alterado, con aspecto de enfermo. Cuando le pregunt\u00e9: &#8220;\u00bfQu\u00e9 te pasa?\" Pyotr Illich, se\u00f1alando el escritorio, dijo: \u201cEse idiota de Fitzenhagen ha estado aqu\u00ed. Mira lo que le ha hecho a mi pieza, \u00a1lo ha alterado todo! \" Cuando le pregunt\u00e9 qu\u00e9 acci\u00f3n iba a tomar con respecto a esta composici\u00f3n, Pyotr Ilich respondi\u00f3: \u201c\u00a1Que el diablo se la lleve! \u00a1D\u00e9jalo como est\u00e1! &#8220;<a href=\"#_ftn5\" name=\"_ftnref5\"><strong>[5]<\/strong><\/a><\/em><\/p>\n<p>Aunque en 1889, a\u00f1o en que apareci\u00f3 la partitura orquestal, Tchaikovski se refiri\u00f3 en una carta a sus buenos sentimientos por Fitzenhagen, quien estaba enfermo y agonizante, nunca expres\u00f3 su aprobaci\u00f3n por lo que su amigo hab\u00eda hecho con su m\u00fasica.<\/p>\n<p>La revisi\u00f3n de Fitzenhagen ha sido desde entonces la versi\u00f3n est\u00e1ndar de las Variaciones rococ\u00f3, aunque en los \u00faltimos a\u00f1os algunos violonchelistas han intentado revivir la versi\u00f3n original. El original de Tchaikovski se escuch\u00f3 de nuevo en Mosc\u00fa en 1941 interpretado por el violonchelista ruso Daniel Shafran, y se public\u00f3 en 1956 con las alteraciones originalmente hechas por Fitzenhagen y aprobadas por Tchaikovski.<\/p>\n<p>Es curioso que Brandukov, el amigo al que Tchaikovski comenta su disgusto por la revisi\u00f3n de Fitzenhagen, tambi\u00e9n fuera violonchelista y estudiante de Fitzenhagen. Tchaikovski escribi\u00f3 el Pezzo Capriccioso para Brandukov<a href=\"#_ftn6\" name=\"_ftnref6\">[6]<\/a>, y tal como su maestro, tambi\u00e9n hizo alteraciones sobre el original. Las revisiones de Brandukov se refieren principalmente a la parte solista, cambiando registros en algunos pasajes e introduciendo algunas figuraciones virtuosas. Dado que el violonchelista toc\u00f3 esta pieza con el compositor en varias ocasiones, se supone que Tchaikovski autoriz\u00f3 esos cambios.<\/p>\n<p><a href=\"#_ftnref1\" name=\"_ftn1\">[1]<\/a> Anthony Holden:Tchaikovski. Pag 220<\/p>\n<p><a href=\"#_ftnref2\" name=\"_ftn2\">[2]<\/a> David Brown:Tchaikovski: The Crisis Begins. Pag 121<\/p>\n<p><a href=\"#_ftnref3\" name=\"_ftn3\">[3]<\/a> Tercera en el original y sexta en la versi\u00f3n de Fitzenhagen<\/p>\n<p><a href=\"#_ftnref4\" name=\"_ftn4\">[4]<\/a>\u00a0\u00a0 David Brown:Tchaikovski: The Crisis Begins. Pag 121<\/p>\n<p><a href=\"#_ftnref5\" name=\"_ftn5\">[5]<\/a>\u00a0\u00a0 David Brown: Tchaikovski: The Crisis Begins. Pag 122<\/p>\n<p><a href=\"#_ftnref6\" name=\"_ftn6\">[6]<\/a> Rachmaninov dedic\u00f3 su sonata para violonchelo a Brandukov<\/p>\n<p>\n<\/div><\/div><\/div><\/div><\/div><\/section><\/p>\n","protected":false},"excerpt":{"rendered":"","protected":false},"author":1,"featured_media":0,"parent":0,"menu_order":0,"comment_status":"closed","ping_status":"closed","template":"template-full-width.php","meta":{"nf_dc_page":"","om_disable_all_campaigns":false,"_monsterinsights_skip_tracking":false,"_monsterinsights_sitenote_active":false,"_monsterinsights_sitenote_note":"","_monsterinsights_sitenote_category":0,"footnotes":""},"class_list":["post-5472","page","type-page","status-publish","hentry"],"jetpack_sharing_enabled":true,"_links":{"self":[{"href":"https:\/\/germanmarcano.com\/germansite\/en\/wp-json\/wp\/v2\/pages\/5472","targetHints":{"allow":["GET"]}}],"collection":[{"href":"https:\/\/germanmarcano.com\/germansite\/en\/wp-json\/wp\/v2\/pages"}],"about":[{"href":"https:\/\/germanmarcano.com\/germansite\/en\/wp-json\/wp\/v2\/types\/page"}],"author":[{"embeddable":true,"href":"https:\/\/germanmarcano.com\/germansite\/en\/wp-json\/wp\/v2\/users\/1"}],"replies":[{"embeddable":true,"href":"https:\/\/germanmarcano.com\/germansite\/en\/wp-json\/wp\/v2\/comments?post=5472"}],"version-history":[{"count":3,"href":"https:\/\/germanmarcano.com\/germansite\/en\/wp-json\/wp\/v2\/pages\/5472\/revisions"}],"predecessor-version":[{"id":5476,"href":"https:\/\/germanmarcano.com\/germansite\/en\/wp-json\/wp\/v2\/pages\/5472\/revisions\/5476"}],"wp:attachment":[{"href":"https:\/\/germanmarcano.com\/germansite\/en\/wp-json\/wp\/v2\/media?parent=5472"}],"curies":[{"name":"wp","href":"https:\/\/api.w.org\/{rel}","templated":true}]}}