{"id":4202,"date":"2021-01-01T13:31:24","date_gmt":"2021-01-01T13:31:24","guid":{"rendered":"http:\/\/pantone.farost.com\/?page_id=4202"},"modified":"2021-06-27T22:22:59","modified_gmt":"2021-06-27T22:22:59","slug":"biografia","status":"publish","type":"page","link":"https:\/\/germanmarcano.com\/germansite\/biografia\/","title":{"rendered":"Biograf\u00eda"},"content":{"rendered":"<p><section class=\"kc-elm kc-css-38047 kc_row\"><div class=\"kc-row-container  kc-container\"><div class=\"kc-wrap-columns\"><div class=\"kc-elm kc-css-916166 kc_col-sm-12 kc_column kc_col-sm-12\"><div class=\"kc-col-container\"><div class=\"kc-elm kc-css-880024 kc-raw-code\">\n\t\t\t<!-- START Highlight Carousel REVOLUTION SLIDER 6.2.10 --><p class=\"rs-p-wp-fix\"><\/p>\n\t\t\t<rs-module-wrap id=\"rev_slider_2_1_wrapper\" data-source=\"gallery\" style=\"background:#000000;padding:0;margin:0px auto;margin-top:0;margin-bottom:0;\">\n\t\t\t\t<rs-module id=\"rev_slider_2_1\" style=\"\" data-version=\"6.2.10\">\n\t\t\t\t\t<rs-slides>\n\t\t\t\t\t\t<rs-slide data-key=\"rs-2\" data-title=\"Discover\" data-anim=\"ei:d;eo:d;s:1500;r:0;t:slideoverhorizontal;sl:7;\" data-firstanim=\"t:fade;s:1000;sl:7;\">\n\t\t\t\t\t\t\t<img data-recalc-dims=\"1\" loading=\"lazy\" decoding=\"async\" src=\"https:\/\/i0.wp.com\/germanmarcano.com\/germansite\/wp-content\/uploads\/2020\/11\/marcano.jpg?resize=900%2C506\" title=\"marcano\" width=\"900\" height=\"506\" data-bg=\"p:center bottom;\" data-parallax=\"10\" class=\"rev-slidebg\" data-no-retina>\n<!--\n\t\t\t\t\t\t\t--><rs-layer\n\t\t\t\t\t\t\t\tid=\"slider-2-slide-2-layer-5\" \n\t\t\t\t\t\t\t\tclass=\"font-family-oswald\"\n\t\t\t\t\t\t\t\tdata-type=\"text\"\n\t\t\t\t\t\t\t\tdata-color=\"#007aff\"\n\t\t\t\t\t\t\t\tdata-rsp_ch=\"on\"\n\t\t\t\t\t\t\t\tdata-xy=\"xo:129px;yo:640px;\"\n\t\t\t\t\t\t\t\tdata-text=\"s:36;l:60;fw:300;\"\n\t\t\t\t\t\t\t\tdata-frame_0=\"o:1;\"\n\t\t\t\t\t\t\t\tdata-frame_0_chars=\"x:105%;o:1;rX:45deg;rY:0deg;rZ:90deg;\"\n\t\t\t\t\t\t\t\tdata-frame_0_mask=\"u:t;\"\n\t\t\t\t\t\t\t\tdata-frame_1=\"e:power4.inOut;st:500;sp:2000;\"\n\t\t\t\t\t\t\t\tdata-frame_1_mask=\"u:t;\"\n\t\t\t\t\t\t\t\tdata-frame_999=\"o:0;e:nothing;st:w;\"\n\t\t\t\t\t\t\t\tstyle=\"z-index:5;font-family:Oswald;\"\n\t\t\t\t\t\t\t>GERMAN MARCANO \n\t\t\t\t\t\t\t<\/rs-layer><!--\n\n\t\t\t\t\t\t\t--><rs-layer\n\t\t\t\t\t\t\t\tid=\"slider-2-slide-2-layer-6\" \n\t\t\t\t\t\t\t\tclass=\"Fashion-BigDisplay\"\n\t\t\t\t\t\t\t\tdata-type=\"text\"\n\t\t\t\t\t\t\t\tdata-color=\"rgba(0,0,0,1)\"\n\t\t\t\t\t\t\t\tdata-rsp_ch=\"on\"\n\t\t\t\t\t\t\t\tdata-xy=\"xo:34px;yo:636px;\"\n\t\t\t\t\t\t\t\tdata-text=\"s:60;l:60;ls:2px;fw:900;\"\n\t\t\t\t\t\t\t\tdata-frame_1=\"e:power2.inOut;st:500;\"\n\t\t\t\t\t\t\t\tdata-frame_999=\"o:0;e:nothing;st:w;\"\n\t\t\t\t\t\t\t\tstyle=\"z-index:6;font-family:Raleway;\"\n\t\t\t\t\t\t\t><a href=\"#\" class=\"btn btn-circle\"><i class=\"ti-control-play\"><\/i> <\/a>\n \n\t\t\t\t\t\t\t<\/rs-layer><!--\n-->\t\t\t\t\t\t<\/rs-slide>\n\t\t\t\t\t\t<rs-slide data-key=\"rs-3\" data-title=\"Discover\" data-anim=\"ei:d;eo:d;s:1500;r:0;t:slideoverhorizontal;sl:7;\">\n\t\t\t\t\t\t\t<img data-recalc-dims=\"1\" loading=\"lazy\" decoding=\"async\" src=\"https:\/\/i0.wp.com\/germanmarcano.com\/germansite\/wp-content\/uploads\/2020\/12\/VIO.jpg?resize=900%2C506\" title=\"VIO\" width=\"900\" height=\"506\" data-bg=\"p:center bottom;\" data-parallax=\"10\" class=\"rev-slidebg\" data-no-retina>\n<!--\n\t\t\t\t\t\t\t--><rs-layer\n\t\t\t\t\t\t\t\tid=\"slider-2-slide-3-layer-5\" \n\t\t\t\t\t\t\t\tclass=\"font-family-oswald\"\n\t\t\t\t\t\t\t\tdata-type=\"text\"\n\t\t\t\t\t\t\t\tdata-color=\"rgba(255,255,255,1)\"\n\t\t\t\t\t\t\t\tdata-rsp_ch=\"on\"\n\t\t\t\t\t\t\t\tdata-xy=\"xo:129px;yo:640px;\"\n\t\t\t\t\t\t\t\tdata-text=\"s:36;l:60;fw:300;\"\n\t\t\t\t\t\t\t\tdata-frame_0=\"o:1;\"\n\t\t\t\t\t\t\t\tdata-frame_0_chars=\"x:105%;o:1;rX:45deg;rY:0deg;rZ:90deg;\"\n\t\t\t\t\t\t\t\tdata-frame_0_mask=\"u:t;\"\n\t\t\t\t\t\t\t\tdata-frame_1=\"e:power4.inOut;st:500;sp:2000;\"\n\t\t\t\t\t\t\t\tdata-frame_1_mask=\"u:t;\"\n\t\t\t\t\t\t\t\tdata-frame_999=\"o:0;e:nothing;st:w;\"\n\t\t\t\t\t\t\t\tstyle=\"z-index:5;font-family:Oswald;\"\n\t\t\t\t\t\t\t>VIOLONCELISTA \n\t\t\t\t\t\t\t<\/rs-layer><!--\n\n\t\t\t\t\t\t\t--><rs-layer\n\t\t\t\t\t\t\t\tid=\"slider-2-slide-3-layer-6\" \n\t\t\t\t\t\t\t\tclass=\"Fashion-BigDisplay\"\n\t\t\t\t\t\t\t\tdata-type=\"text\"\n\t\t\t\t\t\t\t\tdata-color=\"rgba(0,0,0,1)\"\n\t\t\t\t\t\t\t\tdata-rsp_ch=\"on\"\n\t\t\t\t\t\t\t\tdata-xy=\"xo:34px;yo:636px;\"\n\t\t\t\t\t\t\t\tdata-text=\"s:60;l:60;ls:2px;fw:900;\"\n\t\t\t\t\t\t\t\tdata-frame_1=\"e:power2.inOut;st:500;\"\n\t\t\t\t\t\t\t\tdata-frame_999=\"o:0;e:nothing;st:w;\"\n\t\t\t\t\t\t\t\tstyle=\"z-index:6;font-family:Raleway;\"\n\t\t\t\t\t\t\t><a href=\"#\" class=\"btn btn-circle\"><i class=\"ti-control-play\"><\/i> <\/a>\n \n\t\t\t\t\t\t\t<\/rs-layer><!--\n-->\t\t\t\t\t\t<\/rs-slide>\n\t\t\t\t\t\t<rs-slide data-key=\"rs-4\" data-title=\"Discover\" data-anim=\"ei:d;eo:d;s:1500;r:0;t:slideoverhorizontal;sl:7;\">\n\t\t\t\t\t\t\t<img data-recalc-dims=\"1\" loading=\"lazy\" decoding=\"async\" src=\"https:\/\/i0.wp.com\/germanmarcano.com\/germansite\/wp-content\/uploads\/2020\/12\/German-Marcano.jpg?resize=900%2C598\" title=\"German-Marcano\" width=\"900\" height=\"598\" data-bg=\"p:center bottom;\" data-parallax=\"10\" class=\"rev-slidebg\" data-no-retina>\n<!--\n\t\t\t\t\t\t\t--><rs-layer\n\t\t\t\t\t\t\t\tid=\"slider-2-slide-4-layer-5\" \n\t\t\t\t\t\t\t\tclass=\"font-family-oswald\"\n\t\t\t\t\t\t\t\tdata-type=\"text\"\n\t\t\t\t\t\t\t\tdata-color=\"rgba(255,255,255,1)\"\n\t\t\t\t\t\t\t\tdata-rsp_ch=\"on\"\n\t\t\t\t\t\t\t\tdata-xy=\"xo:129px;yo:640px;\"\n\t\t\t\t\t\t\t\tdata-text=\"s:36;l:60;fw:300;\"\n\t\t\t\t\t\t\t\tdata-frame_0=\"o:1;\"\n\t\t\t\t\t\t\t\tdata-frame_0_chars=\"x:105%;o:1;rX:45deg;rY:0deg;rZ:90deg;\"\n\t\t\t\t\t\t\t\tdata-frame_0_mask=\"u:t;\"\n\t\t\t\t\t\t\t\tdata-frame_1=\"e:power4.inOut;st:500;sp:2000;\"\n\t\t\t\t\t\t\t\tdata-frame_1_mask=\"u:t;\"\n\t\t\t\t\t\t\t\tdata-frame_999=\"o:0;e:nothing;st:w;\"\n\t\t\t\t\t\t\t\tstyle=\"z-index:5;font-family:Oswald;\"\n\t\t\t\t\t\t\t>GERMAN MARCANO \n\t\t\t\t\t\t\t<\/rs-layer><!--\n\n\t\t\t\t\t\t\t--><rs-layer\n\t\t\t\t\t\t\t\tid=\"slider-2-slide-4-layer-6\" \n\t\t\t\t\t\t\t\tclass=\"Fashion-BigDisplay\"\n\t\t\t\t\t\t\t\tdata-type=\"text\"\n\t\t\t\t\t\t\t\tdata-color=\"rgba(0,0,0,1)\"\n\t\t\t\t\t\t\t\tdata-rsp_ch=\"on\"\n\t\t\t\t\t\t\t\tdata-xy=\"xo:34px;yo:636px;\"\n\t\t\t\t\t\t\t\tdata-text=\"s:60;l:60;ls:2px;fw:900;\"\n\t\t\t\t\t\t\t\tdata-frame_1=\"e:power2.inOut;st:500;\"\n\t\t\t\t\t\t\t\tdata-frame_999=\"o:0;e:nothing;st:w;\"\n\t\t\t\t\t\t\t\tstyle=\"z-index:6;font-family:Raleway;\"\n\t\t\t\t\t\t\t><a href=\"#\" class=\"btn btn-circle\"><i class=\"ti-control-play\"><\/i> <\/a>\n \n\t\t\t\t\t\t\t<\/rs-layer><!--\n-->\t\t\t\t\t\t<\/rs-slide>\n\t\t\t\t\t<\/rs-slides>\n\t\t\t\t<\/rs-module>\n\t\t\t\t<script type=\"text\/javascript\">\n\t\t\t\t\tsetREVStartSize({c: 'rev_slider_2_1',rl:[1240,1024,778,480],el:[720,720,480,360],gw:[800,640,480,480],gh:[720,720,480,360],type:'carousel',justify:'',layout:'fullwidth',mh:\"0\"});\n\t\t\t\t\tvar\trevapi2,\n\t\t\t\t\t\ttpj;\n\t\t\t\t\tjQuery(function() {\n\t\t\t\t\t\ttpj = jQuery;\n\t\t\t\t\t\trevapi2 = tpj(\"#rev_slider_2_1\")\n\t\t\t\t\t\tif(revapi2==undefined || revapi2.revolution == undefined){\n\t\t\t\t\t\t\trevslider_showDoubleJqueryError(\"rev_slider_2_1\");\n\t\t\t\t\t\t}else{\n\t\t\t\t\t\t\trevapi2.revolution({\n\t\t\t\t\t\t\t\tsliderType:\"carousel\",\n\t\t\t\t\t\t\t\tsliderLayout:\"fullwidth\",\n\t\t\t\t\t\t\t\tvisibilityLevels:\"1240,1024,778,480\",\n\t\t\t\t\t\t\t\tgridwidth:\"800,640,480,480\",\n\t\t\t\t\t\t\t\tgridheight:\"720,720,480,360\",\n\t\t\t\t\t\t\t\tperspective:600,\n\t\t\t\t\t\t\t\tperspectiveType:\"local\",\n\t\t\t\t\t\t\t\teditorheight:\"720,720,480,360\",\n\t\t\t\t\t\t\t\tresponsiveLevels:\"1240,1024,778,480\",\n\t\t\t\t\t\t\t\tcarousel: {\n\t\t\t\t\t\t\t\t\tinfinity:true,\n\t\t\t\t\t\t\t\t\tvary_fade:true\n\t\t\t\t\t\t\t\t},\n\t\t\t\t\t\t\t\tprogressBar:{disableProgressBar:true},\n\t\t\t\t\t\t\t\tnavigation: {\n\t\t\t\t\t\t\t\t\tonHoverStop:false\n\t\t\t\t\t\t\t\t},\n\t\t\t\t\t\t\t\tparallax: {\n\t\t\t\t\t\t\t\t\tlevels:[5,10,15,20,25,30,35,40,45,50,47,48,49,50,51,55],\n\t\t\t\t\t\t\t\t\ttype:\"scroll\"\n\t\t\t\t\t\t\t\t},\n\t\t\t\t\t\t\t\tfallbacks: {\n\t\t\t\t\t\t\t\t\tignoreHeightChanges:\"\",\n\t\t\t\t\t\t\t\t\tallowHTML5AutoPlayOnAndroid:true\n\t\t\t\t\t\t\t\t},\n\t\t\t\t\t\t\t});\n\t\t\t\t\t\t}\n\t\t\t\t\t\t\n\t\t\t\t\t});\n\t\t\t\t<\/script>\n\t\t\t\t<script>\n\t\t\t\t\tvar htmlDivCss = unescape(\"%40import%20url%28http%3A%2F%2Ffonts.googleapis.com%2Fcss%3Ffamily%3DRoboto%2BSlab%3A400%2C100%2C300%2C700%29%3B%0A%0A.rev_slider_wrapper%20%7B%0A%20%20background%3A%20transparent%20%21important%3B%0A%20%20%7D%0A%20%0A%20%20.rev_slider_wrapper%20li%20%7B%0A%20%20%09opacity%3A%201%20%21important%3B%0A%7D%0A%0A%40media%28min-width%3A%201200px%29%20%7B%0A%09.rev_slider_wrapper%20%20%20.tp-bgimg.defaultimg%20%7B%0A%20%20%20%20%20%20width%3A%2098%25%20%21important%3B%0A%20%20%20%20%7D%0A%7D\");\n\t\t\t\t\tvar htmlDiv = document.getElementById('rs-plugin-settings-inline-css');\n\t\t\t\t\tif(htmlDiv) {\n\t\t\t\t\t\thtmlDiv.innerHTML = htmlDiv.innerHTML + htmlDivCss;\n\t\t\t\t\t}else{\n\t\t\t\t\t\tvar htmlDiv = document.createElement('div');\n\t\t\t\t\t\thtmlDiv.innerHTML = '<style>' + htmlDivCss + '<\/style>';\n\t\t\t\t\t\tdocument.getElementsByTagName('head')[0].appendChild(htmlDiv.childNodes[0]);\n\t\t\t\t\t}\n\t\t\t\t<\/script>\n\t\t\t<\/rs-module-wrap>\n\t\t\t<!-- END REVOLUTION SLIDER -->\n<\/div><\/div><\/div><\/div><\/div><\/section><section id=\"biografia\" class=\"kc-elm kc-css-807681 kc_row section-history\"><div class=\"kc-row-container\"><div class=\"kc-wrap-columns\"><div class=\"kc-elm kc-css-56438 kc_col-sm-12 kc_column kc_col-sm-12\"><div class=\"kc-col-container\"><div id=\"background-under\" class=\"kc-elm kc-css-320738 kc_row kc_row_inner\"><div class=\" container\"><div class=\"kc-elm kc-css-939267 kc_col-sm-7 kc_column_inner kc_col-sm-7\"><div class=\"kc_wrapper kc-col-inner-container\">            <div\r\n                class=\"heading style-1\" >\r\n                <h2 class=\"title\">\r\n                    Biograf\u00eda                                            <i class=\"fa-star\"><\/i>\r\n                                    <\/h2>\r\n                                            <\/div>\r\n            <div class=\"kc-elm kc-css-322858 kc_text_block\"><\/p>\n<p><span style=\"color: rgb(102, 102, 102);\"><\/span>Germ\u00e1n Marcano, violonchelista venezolano con una de las carreras m\u00e1s versatiles del panorama latinoamericano. Conocido como m\u00fasico cl\u00e1sico, Marcano se ha embarcado en una serie de proyectos diferentes en la ense\u00f1anza, investigaci\u00f3n e incluso la interpretaci\u00f3n de la m\u00fasica popular venezolana, creando una carrera musical muy diversa y diferente. A los 17 a\u00f1os recibi\u00f3 por decisi\u00f3n un\u00e1nime del jurado, el &#8220;Premio al Mejor M\u00fasico Joven del a\u00f1o\" otorgado por la Reading Symphony Orchestra, Inglaterra, siendo posteriormente invitado como solista con conjuntos como la Reading Symphony Orchestra, Surrey University Symphony. Orchestra, Guildford Camerata y la Filarm\u00f3nica de Surrey. Su formaci\u00f3n comenz\u00f3 en Venezuela y continu\u00f3 en Inglaterra y Estados Unidos con Stefan Popov, William Pleeth y Uri Vardi, adem\u00e1s de asistir a cursos y masterclasses con Franz Helmerson, Mstislav Rostropovich, Raquel Adonaylo, Lynn Harrel y Janos. Starker.<br \/>Sus interpretaciones han recibido excelentes cr\u00edticas del p\u00fablico de Inglaterra, Estados Unidos y Am\u00e9rica Latina. En Venezuela Marcano actu\u00f3 frecuentemente como solista con las principales orquestas del pa\u00eds, entre ellas la Sinf\u00f3nica Sim\u00f3n Bol\u00edvar, Orquesta Municipal de Caracas, Filarm\u00f3nica Nacional y Sinf\u00f3nica de Venezuela, y en Latinoam\u00e9rica con la Sinf\u00f3nica de Puerto Rico, Orquesta Juvenil de Guayaquil, Sinf\u00f3nica. de Cuenca (Ecuador) bajo la batuta de George Hurst, Andrew Parrot, Jonathan Brett, Frederic Chaslin, Carl St. Clair, Pedro Ignacio Calderon, Carlos Riazuelo, Alfredo Rugeles, Pablo Castellanos, Rodolfo Saglimbeni, Luis Miguel Gonz\u00e1lez, Inocente Carre\u00f1o, Juan Carlos Nunez, Cesar Ivan Lara, Joshua Dos Santos, Eduardo Rahn, Raphael Jimenez, Sung Kwak, David Machado, Gregory Carre\u00f1o, Medardo Caisabanda y Patricio Jaramillo. Como recitalista e int\u00e9rprete de c\u00e1mara, Marcano ha realizado recitales con artistas como Allisa Margulis, Dmitry Berlinski, Chee-Yun, Judit Jaimes, Elena Abend, Clara Marcano, Carlos Urbaneja, Monique Duphil, Jihye Chang, Andr\u00e9s Torres, Jorge Montilla, Luis Rossy, Antonio Saiote, Marcio Carneiro, Richard Young, Simon Gollo y el Cuarteto Latinoamericano, entre otros<br \/>Entusiasta int\u00e9rprete de de m\u00fasica latinoamericana de concierto, Marcano ha realizado estrenos locales y mundiales de importantes obras de violonchelo de muchos compositores de renombre como Modesta Bor, J.B. Plaza, Inocente Carre\u00f1o y Ricardo Lorenz entre otros. En 2008 estren\u00f3 el Concierto para violonchelo y orquesta de Carlos V\u00e1zques con la Sinf\u00f3nica de Puerto Rico, pieza compuesta especialmente para Marcano.<br \/>Marcano fue violonchelo principal con la Orquesta Sinf\u00f3nica Sim\u00f3n Bol\u00edvar entre 1985 y 1997, actuando en numerosas giras y grabaciones con ellos, bajo la direcci\u00f3n de Eduardo Mata, Zubin Mehta y Seigi Ozawa. Otros puestos como violonchelo principal invitado incluyen\u00a0 agrupaciones como \u201cLa Camerata Criolla\u201d (una orquesta de c\u00e1mara dedicada a la interpretaci\u00f3n de la m\u00fasica venezolana), la Madison Symphony Orchestra, Palm Beach Symphony, South Florida Symphony y la Orquesta Municipal de Caracas.<br \/>Marcano fue fundador del Cuarteto de Cuerdas R\u00edos Reyna, uno de los grupos de c\u00e1mara m\u00e1s importantes de Latinoam\u00e9rica, con once a\u00f1os de carrera profesional a nivel mundial, y 2 grabaciones comerciales, una de ellas dedicada a obras latinoamericanas. Con el R\u00edos Reyna realiz\u00f3 extensas giras de conciertos en Venezuela, Europa, Am\u00e9rica Latina y Norteam\u00e9rica, contando entre sus invitados a Monique Duphil, Frank Fern\u00e1ndez, Michelle Lethiec y otros importantes m\u00fasicos venezolanos. Con motivo de su d\u00e9cimo aniversario el Cuarteto R\u00edos Reyna interpret\u00f3 en Caracas los 2 sextetos de Brahms junto a integrantes del legendario Cuarteto de Cuerdas Amadeus.<br \/>Como docente, Marcano ocup\u00f3 cargos importantes en el Conservatorio Sim\u00f3n Bol\u00edvar (El Sistema), el Colegio Emil Friedman, la Universidad Sim\u00f3n Bol\u00edvar y la Escuela de M\u00fasica del Centro Mozarteum, impartiendo clases de violonchelo y m\u00fasica de c\u00e1mara. Ha sido artista invitado, profesor y conferencista en Grand Valley State University y Andrews University en Michigan, San Diego Youth Orchestra, University of Iowa, Louisiana State University, Lawrence University, University of Wisconsin-Madison, Universidad Nacional del Per\u00fa y ha realizado conciertos en varias ocasiones con profesores de Florida International University. Marcano tiene apariciones regulares en cursos de verano y festivales en Am\u00e9rica Latina como el Curso Duo Aldo Parisot, Aruba Symphony Festival, Festival Nuevo Mundo, Quito Cellos, Academia de Verano Mozarteun-Venezuela, entre otros. En 2021 Marcano ha sido elegido para formar parte del curso de violonchelo organizado por la Fundaci\u00f3n MpMusic en Espa\u00f1a.<\/p>\n<p>De 2005 a 2007 Marcano fue director art\u00edstico de la Orquesta de C\u00e1mara de la Universidad Sim\u00f3n Bol\u00edvar de Caracas-Venezuela. Desde entonces aparece ocasionalmente dirigiendo la Sinf\u00f3nica de Sim\u00f3n Bol\u00edvar, Filarm\u00f3nica Nacional. Sinf\u00f3nica de Yaracuy, Sinf\u00f3nica Juvenil de M\u00e9rida y Centro Mozarteum en Venezuela, y Madison Cello Institute (Wisconsin), Kameristika Chamber Orchestra y VUM (Miami-Florida).<br \/>En los \u00faltimos a\u00f1os Marcano se ha embarcado en el proyecto pionero de interpretar m\u00fasica folcl\u00f3rica venezolana al violonchelo, acompa\u00f1ado de instrumentos de este g\u00e9nero popular. En este emprendimiento ha estado acompa\u00f1ado por destacados m\u00fasicos venezolanos como Jorge Glem (cuatro), Gonzalo Teppa y David Pe\u00f1a (contrabajo) y Manuel Rangel (maracas). El \u00e9xito de esta idea ha llevado al conjunto a muchos escenarios en Venezuela, el Caribe y Estados Unidos, y un par de grabaciones comerciales.<\/p>\n<p>Entre sus publicaciones se encuentran &#8220;El cat\u00e1logo de obras latinoamericanas para violonchelo\" (2004), una edici\u00f3n de la Suite para violonchelo y piano de la compositora venezolana Modesta Bor 2006), y las obras completas para violonchelo de Juan Bautista Plaza (2015). Recientemente, en alianza con la Organizaci\u00f3n Sphinx, CelloBello y el violonchelista venezolano Horacio Contreras, se lanz\u00f3 el cat\u00e1logo en l\u00ednea como el \u201cSphinx catalog of Latin American cello works\u201d, convirti\u00e9ndose en una de las publicaciones m\u00e1s importantes en este g\u00e9nero, recomendada por violonchelistas y compositores alrededor del mundo. Tres grabaciones comerciales completan su perfil como violonchelista: una que incluye obras de &#8220;Schumann, Beethoven, Debussy\" (2005), y otras dos dedicadas a la m\u00fasica folcl\u00f3rica venezolana: &#8220;Rochela\" (2011) y &#8220;Aqu\u00ed y all\u00e1\"<br \/>(2018). <\/p>\n<p>Como conferencista Marcano ha impartido charlas y<br \/>presentaciones especializadas sobre temas relacionados con el<br \/>violonchelo y la m\u00fasica latinoamericana en universidades de Estados<br \/>Unidos, Venezuela, Ecuador y Chile.<br \/>Entre 2001 y 2015 Marcano fue uno de las productores del proyecto \u201cNavidad en familia con los Marcano\u201d, espect\u00e1culo navide\u00f1o familiar que pretend\u00eda, a trav\u00e9s de la interpretaci\u00f3n de canciones tradicionales navide\u00f1as venezolanas, el rescate de tradiciones y valores familiares. Durante muchos a\u00f1os este espect\u00e1culo musical fue una de las opciones m\u00e1s populares para el p\u00fablico venezolano durante la \u00e9poca navide\u00f1a. El conjunto, conformado por aproximadamente 35 miembros de una misma familia, realizo presentaciones en varias ciudades venezolanas y 3 grabaciones comerciales que son consideradas ic\u00f3nos del esp\u00edritu navide\u00f1o<br \/>venezolano.<\/p>\n<p>German Marcano tiene un t\u00edtulo de BMus de la Universidad de Surrey, Inglaterra, el diploma Premier Prix de la Guildhall School of Music de Londres y una maestr\u00eda y un doctorado de la Universidad de Wisconsin-Madison. Actualmente vive en Florida, donde ense\u00f1a en Kalos Music and Art School, Vivace Music Academy y toca regularmente violonchelo solo y m\u00fasica de c\u00e1mara con la serie The Music in Miami, y tambi\u00e9n con Florida Grand Opera y Palm Beach Symphony, Atlantic Classical Orchestra y South Florida Symphony.<\/p>\n<p>\n<\/div><\/div><\/div><div class=\"kc-elm kc-css-529808 kc_col-sm-5 kc_column_inner kc_col-sm-5\"><div class=\"kc_wrapper kc-col-inner-container\"><div class=\"kc-elm kc-css-70459\" style=\"height: 20px; clear: both; width:100%;\"><\/div><\/div><\/div><\/div><\/div><\/div><\/div><\/div><\/div><\/section><section class=\"kc-elm kc-css-4874536|margin-bottom: 70px; margin-top: 100px; kc-css-366615 kc_row kc-css-4874536|margin-bottom: 70px; margin-top: 100px; kc-css-4874536|margin-bottom: 70px; margin-top: 100px;\"><div class=\"kc-row-container  kc-container  container-fluid\"><div class=\"kc-wrap-columns\"><div class=\"kc-elm kc-css-268637 kc_col-sm-12 kc_column kc_col-sm-12\"><div class=\"kc-col-container\">            <div\r\n                class=\"heading style-1\" >\r\n                <h2 class=\"title\">\r\n                    EVENTOS                                            <i class=\"fa-star\"><\/i>\r\n                                    <\/h2>\r\n                                            <\/div>\r\n                        <div class=\"wrap-event event-list\">\n                <div class=\"container-fluid\">\n                    <div class=\"row\">\n                        <div class=\"event-item\">\r\n    <div class=\"date\">\r\n        <div class=\"wrap-date\">\r\n            <span class=\"day\">23<\/span>\r\n            <span class=\"month\">Jun<\/span>\r\n        <\/div>\r\n    <\/div>\r\n    <div class=\"meta\">\r\n        <ul>\r\n            <li class=\"title\">\r\n                <i class=\"ti-headphone\"><\/i>\r\n                <a href=\"https:\/\/germanmarcano.com\/germansite\/event\/stringendo-palm-beach-atlantic-university-summer-camp-2-weeks\/\">Stringendo. Palm Beach Atlantic University Summer camp (2 weeks)<\/a>\r\n            <\/li>\r\n            <li class=\"location\">\r\n                <i class=\"ti-location-pin\"><\/i>\r\n                            <\/li>\r\n        <\/ul>\r\n    <\/div>\r\n    <div class=\"price\">\r\n        <span class=\"value-price\">Free<\/span>\r\n        <span><\/span>\r\n    <\/div>\r\n    <div class=\"action  cancelled\">\r\n        <a href=\"javascript:void(0)\" target=\"_blank\" rel=\"nofollow\">\r\n            Cancelled        <\/a>\r\n    <\/div>\r\n<\/div><!--end .event-item--><div class=\"event-item\">\r\n    <div class=\"date\">\r\n        <div class=\"wrap-date\">\r\n            <span class=\"day\">02<\/span>\r\n            <span class=\"month\">Jun<\/span>\r\n        <\/div>\r\n    <\/div>\r\n    <div class=\"meta\">\r\n        <ul>\r\n            <li class=\"title\">\r\n                <i class=\"ti-headphone\"><\/i>\r\n                <a href=\"https:\/\/germanmarcano.com\/germansite\/event\/academia-de-verano-mozarteum-caracas-venezuela\/\">Academia de Verano Mozarteum, Caracas-Venezuela<\/a>\r\n            <\/li>\r\n            <li class=\"location\">\r\n                <i class=\"ti-location-pin\"><\/i>\r\n                Caracas, Venezuela            <\/li>\r\n        <\/ul>\r\n    <\/div>\r\n    <div class=\"price\">\r\n        <span class=\"value-price\">Free<\/span>\r\n        <span><\/span>\r\n    <\/div>\r\n    <div class=\"action  cancelled\">\r\n        <a href=\"javascript:void(0)\" target=\"_blank\" rel=\"nofollow\">\r\n            Cancelled        <\/a>\r\n    <\/div>\r\n<\/div><!--end .event-item--><div class=\"event-item\">\r\n    <div class=\"date\">\r\n        <div class=\"wrap-date\">\r\n            <span class=\"day\">19<\/span>\r\n            <span class=\"month\">May<\/span>\r\n        <\/div>\r\n    <\/div>\r\n    <div class=\"meta\">\r\n        <ul>\r\n            <li class=\"title\">\r\n                <i class=\"ti-headphone\"><\/i>\r\n                <a href=\"https:\/\/germanmarcano.com\/germansite\/event\/palm-beach-symphony-orchestra-in-west-palm-beach-works-by-beethoven-brahms-and-chopin-soloist-kevin-kenner-piano\/\">Palm Beach Symphony Orchestra in West Palm Beach (works by Beethoven, Brahms and Chopin) Soloist: Kevin Kenner, piano<\/a>\r\n            <\/li>\r\n            <li class=\"location\">\r\n                <i class=\"ti-location-pin\"><\/i>\r\n                West Palm Beach             <\/li>\r\n        <\/ul>\r\n    <\/div>\r\n    <div class=\"price\">\r\n        <span class=\"value-price\">Free<\/span>\r\n        <span><\/span>\r\n    <\/div>\r\n    <div class=\"action  available\">\r\n        <a href=\"javascript:void(0)\" target=\"_blank\" rel=\"nofollow\">\r\n            Buy Ticket        <\/a>\r\n    <\/div>\r\n<\/div><!--end .event-item--><div class=\"event-item\">\r\n    <div class=\"date\">\r\n        <div class=\"wrap-date\">\r\n            <span class=\"day\">11<\/span>\r\n            <span class=\"month\">May<\/span>\r\n        <\/div>\r\n    <\/div>\r\n    <div class=\"meta\">\r\n        <ul>\r\n            <li class=\"title\">\r\n                <i class=\"ti-headphone\"><\/i>\r\n                <a href=\"https:\/\/germanmarcano.com\/germansite\/event\/delray-string-quartet-works-by-haydn-and-debussy\/\">Delray String Quartet (works by Haydn and Debussy)<\/a>\r\n            <\/li>\r\n            <li class=\"location\">\r\n                <i class=\"ti-location-pin\"><\/i>\r\n                            <\/li>\r\n        <\/ul>\r\n    <\/div>\r\n    <div class=\"price\">\r\n        <span class=\"value-price\">Free<\/span>\r\n        <span><\/span>\r\n    <\/div>\r\n    <div class=\"action  available\">\r\n        <a href=\"javascript:void(0)\" target=\"_blank\" rel=\"nofollow\">\r\n            Buy Ticket        <\/a>\r\n    <\/div>\r\n<\/div><!--end .event-item--><div class=\"event-item\">\r\n    <div class=\"date\">\r\n        <div class=\"wrap-date\">\r\n            <span class=\"day\">03<\/span>\r\n            <span class=\"month\">May<\/span>\r\n        <\/div>\r\n    <\/div>\r\n    <div class=\"meta\">\r\n        <ul>\r\n            <li class=\"title\">\r\n                <i class=\"ti-headphone\"><\/i>\r\n                <a href=\"https:\/\/germanmarcano.com\/germansite\/event\/alhambra-symphony-orchestra\/\">Alhambra Symphony Orchestra<\/a>\r\n            <\/li>\r\n            <li class=\"location\">\r\n                <i class=\"ti-location-pin\"><\/i>\r\n                            <\/li>\r\n        <\/ul>\r\n    <\/div>\r\n    <div class=\"price\">\r\n        <span class=\"value-price\">Free<\/span>\r\n        <span><\/span>\r\n    <\/div>\r\n    <div class=\"action  available\">\r\n        <a href=\"javascript:void(0)\" target=\"_blank\" rel=\"nofollow\">\r\n            Buy Ticket        <\/a>\r\n    <\/div>\r\n<\/div><!--end .event-item-->                    <\/div> <!--end .row -->\n                <\/div> <!--end .container -->\n            <\/div><!--end .wrap-event -->\n            <\/div><\/div><\/div><\/div><\/section><\/p>\n","protected":false},"excerpt":{"rendered":"","protected":false},"author":1,"featured_media":0,"parent":0,"menu_order":0,"comment_status":"closed","ping_status":"closed","template":"template-full-width.php","meta":{"nf_dc_page":"","om_disable_all_campaigns":false,"_monsterinsights_skip_tracking":false,"_monsterinsights_sitenote_active":false,"_monsterinsights_sitenote_note":"","_monsterinsights_sitenote_category":0,"footnotes":""},"class_list":["post-4202","page","type-page","status-publish","hentry"],"jetpack_sharing_enabled":true,"_links":{"self":[{"href":"https:\/\/germanmarcano.com\/germansite\/wp-json\/wp\/v2\/pages\/4202","targetHints":{"allow":["GET"]}}],"collection":[{"href":"https:\/\/germanmarcano.com\/germansite\/wp-json\/wp\/v2\/pages"}],"about":[{"href":"https:\/\/germanmarcano.com\/germansite\/wp-json\/wp\/v2\/types\/page"}],"author":[{"embeddable":true,"href":"https:\/\/germanmarcano.com\/germansite\/wp-json\/wp\/v2\/users\/1"}],"replies":[{"embeddable":true,"href":"https:\/\/germanmarcano.com\/germansite\/wp-json\/wp\/v2\/comments?post=4202"}],"version-history":[{"count":6,"href":"https:\/\/germanmarcano.com\/germansite\/wp-json\/wp\/v2\/pages\/4202\/revisions"}],"predecessor-version":[{"id":6349,"href":"https:\/\/germanmarcano.com\/germansite\/wp-json\/wp\/v2\/pages\/4202\/revisions\/6349"}],"wp:attachment":[{"href":"https:\/\/germanmarcano.com\/germansite\/wp-json\/wp\/v2\/media?parent=4202"}],"curies":[{"name":"wp","href":"https:\/\/api.w.org\/{rel}","templated":true}]}}