{"id":5383,"date":"2021-02-12T04:11:33","date_gmt":"2021-02-12T04:11:33","guid":{"rendered":"https:\/\/germanmarcano.com\/germansite\/?page_id=5383"},"modified":"2021-02-12T12:55:53","modified_gmt":"2021-02-12T12:55:53","slug":"suite-de-modesta-bor","status":"publish","type":"page","link":"https:\/\/germanmarcano.com\/germansite\/suite-de-modesta-bor\/","title":{"rendered":"Suite de Modesta Bor"},"content":{"rendered":"<p><section class=\"kc-elm kc-css-525478 kc_row\"><div class=\"kc-row-container  kc-container\"><div class=\"kc-wrap-columns\"><div class=\"kc-elm kc-css-782963 kc_col-sm-12 kc_column kc_col-sm-12\"><div class=\"kc-col-container\">\n<div class=\"kc-elm kc-css-683045 kc-title-wrap \">\n\n\t<h1 class=\"kc_title\">Suite de Modesta Bor (Editado en el 2006)<\/h1>\n<\/div>\n<\/div><\/div><\/div><\/div><\/section><section data-kc-equalheight=\"true\" data-kc-equalheight-align=\"middle\" data-kc-fullwidth=\"content\" class=\"kc-elm kc-css-94095 kc_row\"><div class=\"kc-row-container\"><div class=\"kc-wrap-columns\"><div class=\"kc-elm kc-css-793978 kc_col-sm-9 kc_column kc_col-sm-9\"><div class=\"kc-col-container\"><div class=\"kc-elm kc-css-808861 kc_text_block\"><\/p>\n<p>La Suite para violonchelo y piano de Modesta Bor fue compuesta en\u00a0 Mosc\u00fa en 1961 para el violonchelista espa\u00f1ol Luis Garc\u00eda Renart, a quien la compositora conoci\u00f3 cuando los dos estudiaban en el Conservatorio Tchaikovsky de esta misma ciudad.\u00a0 Sin embargo su primera audici\u00f3n p\u00fablica se realiz\u00f3 25 a\u00f1os mas tarde en el marco del Primer Festival de M\u00fasica de C\u00e1mara Latinoamericana del siglo XX. La obra fue estrenada en presencia de la compositora por el violonchelista Germ\u00e1n Marcano y la pianista Elizabeth Guerrero el 2 de julio de 1986 en la Sala de Conciertos del\u00a0 Ateneo de Caracas.<\/p>\n<p>&nbsp;<\/p>\n<section class=\"text-center container\">\n<div class=\"row\">\n<div class=\"col-12 mx-auto\">\n<p><a class=\"btn btn-primary my-2\" href=\"mailto:germanmarc@gmail.com\"><i class=\"fa fa-envelope-o\"><\/i> Deseo obtenerla<\/a><\/p>\n<\/div>\n<\/div>\n<\/section>\n<p>\n<\/div><\/div><\/div><div class=\"kc-elm kc-css-269752 kc_col-sm-3 kc_column kc_col-sm-3\"><div class=\"kc-col-container\"><div class=\"kc-elm kc-css-706421 kc_shortcode kc_single_image\">\n\n        <img decoding=\"async\" src=\"https:\/\/i0.wp.com\/germanmarcano.com\/germansite\/wp-content\/uploads\/2021\/01\/InShot_20201231_160651451.jpg?fit=208%2C300&ssl=1\" class=\"\" alt=\"\" \/>    <\/div>\n<\/div><\/div><\/div><\/div><\/section><\/p>\n","protected":false},"excerpt":{"rendered":"","protected":false},"author":1,"featured_media":0,"parent":0,"menu_order":0,"comment_status":"closed","ping_status":"closed","template":"template-full-width.php","meta":{"nf_dc_page":"","om_disable_all_campaigns":false,"_monsterinsights_skip_tracking":false,"_monsterinsights_sitenote_active":false,"_monsterinsights_sitenote_note":"","_monsterinsights_sitenote_category":0,"footnotes":""},"class_list":["post-5383","page","type-page","status-publish","hentry"],"jetpack_sharing_enabled":true,"_links":{"self":[{"href":"https:\/\/germanmarcano.com\/germansite\/wp-json\/wp\/v2\/pages\/5383","targetHints":{"allow":["GET"]}}],"collection":[{"href":"https:\/\/germanmarcano.com\/germansite\/wp-json\/wp\/v2\/pages"}],"about":[{"href":"https:\/\/germanmarcano.com\/germansite\/wp-json\/wp\/v2\/types\/page"}],"author":[{"embeddable":true,"href":"https:\/\/germanmarcano.com\/germansite\/wp-json\/wp\/v2\/users\/1"}],"replies":[{"embeddable":true,"href":"https:\/\/germanmarcano.com\/germansite\/wp-json\/wp\/v2\/comments?post=5383"}],"version-history":[{"count":5,"href":"https:\/\/germanmarcano.com\/germansite\/wp-json\/wp\/v2\/pages\/5383\/revisions"}],"predecessor-version":[{"id":5393,"href":"https:\/\/germanmarcano.com\/germansite\/wp-json\/wp\/v2\/pages\/5383\/revisions\/5393"}],"wp:attachment":[{"href":"https:\/\/germanmarcano.com\/germansite\/wp-json\/wp\/v2\/media?parent=5383"}],"curies":[{"name":"wp","href":"https:\/\/api.w.org\/{rel}","templated":true}]}}