{"id":5483,"date":"2021-02-12T17:23:16","date_gmt":"2021-02-12T17:23:16","guid":{"rendered":"https:\/\/germanmarcano.com\/germansite\/?page_id=5483"},"modified":"2021-02-12T17:31:39","modified_gmt":"2021-02-12T17:31:39","slug":"cellistas-y-compositores-conclusion","status":"publish","type":"page","link":"https:\/\/germanmarcano.com\/germansite\/cellistas-y-compositores-conclusion\/","title":{"rendered":"Cellistas y compositores"},"content":{"rendered":"<p><section data-kc-fullwidth=\"content\" class=\"kc-elm kc-css-593131 kc_row\"><div class=\"kc-row-container\"><div class=\"kc-wrap-columns\"><div class=\"kc-elm kc-css-142638 kc_col-sm-12 kc_column kc_col-sm-12\"><div class=\"kc-col-container\">\n<div class=\"kc-elm kc-css-221372 kc-title-wrap \">\n\n\t<h1 class=\"kc_title\">Algunos pensamientos finales<\/h1>\n<\/div>\n<\/div><\/div><\/div><\/div><\/section><section data-kc-fullwidth=\"content\" class=\"kc-elm kc-css-549143 kc_row\"><div class=\"kc-row-container\"><div class=\"kc-wrap-columns\"><div class=\"kc-elm kc-css-343835 kc_col-sm-12 kc_column kc_col-sm-12\"><div class=\"kc-col-container\"><div class=\"kc-elm kc-css-16359 kc_text_block\"><\/p>\n<p>Siempre es muy interesante ver la poca informaci\u00f3n que poseen la mayor\u00eda de los violonchelistas sobre la m\u00fasica que tocamos y ense\u00f1amos. Es a\u00fan m\u00e1s sorprendente descubrir lo poco que solemos saber sobre el desarrollo del instrumento y sobre la influencia t\u00e9cnica y musical que los int\u00e9rpretes ejercieron sobre el p\u00fablico, cr\u00edticos y compositores en diferentes \u00e9pocas de la historia musical. La corriente general de pensamiento toma las obras de los grandes compositores como un hecho, sin relacionarlas con los obvios desarrollos instrumentales y t\u00e9cnicos paralelos. Es importante entender que todas las composiciones tienen una raz\u00f3n por la cual fueron creadas, y que muchas de estas obras fueron creadas e inspiradas por la interpretaci\u00f3n de grandes figuras musicales que solo la ense\u00f1anza instrumental actual recuerda por su capacidad para escribir un estudio o un ejercicio t\u00e9cnico. Los recientes esfuerzos para revivir viejas grabaciones de estos maestros pasados \u200b\u200bdel instrumento han mostrado algo de luz en la ejecuci\u00f3n estil\u00edstica, adem\u00e1s de darnos una idea clara de lo grandiosos que eran estos violonchelistas. A ellos debemos mostrar nuestra deuda hist\u00f3rica por enriquecer la literatura del violonchelo y ampliar nuestro conocimiento t\u00e9cnico y musical. La interacci\u00f3n musical entre instrumentistas y compositores mantiene viva la evoluci\u00f3n de la m\u00fasica, ampl\u00eda el alcance t\u00e9cnico de los int\u00e9rpretes y se\u00f1ala el camino hacia un nuevo desarrollo en la creaci\u00f3n instrumental.<\/p>\n<p>\n<\/div><\/div><\/div><\/div><\/div><\/section><\/p>\n","protected":false},"excerpt":{"rendered":"","protected":false},"author":1,"featured_media":0,"parent":0,"menu_order":0,"comment_status":"closed","ping_status":"closed","template":"template-full-width.php","meta":{"nf_dc_page":"","om_disable_all_campaigns":false,"_monsterinsights_skip_tracking":false,"_monsterinsights_sitenote_active":false,"_monsterinsights_sitenote_note":"","_monsterinsights_sitenote_category":0,"footnotes":""},"class_list":["post-5483","page","type-page","status-publish","hentry"],"jetpack_sharing_enabled":true,"_links":{"self":[{"href":"https:\/\/germanmarcano.com\/germansite\/wp-json\/wp\/v2\/pages\/5483","targetHints":{"allow":["GET"]}}],"collection":[{"href":"https:\/\/germanmarcano.com\/germansite\/wp-json\/wp\/v2\/pages"}],"about":[{"href":"https:\/\/germanmarcano.com\/germansite\/wp-json\/wp\/v2\/types\/page"}],"author":[{"embeddable":true,"href":"https:\/\/germanmarcano.com\/germansite\/wp-json\/wp\/v2\/users\/1"}],"replies":[{"embeddable":true,"href":"https:\/\/germanmarcano.com\/germansite\/wp-json\/wp\/v2\/comments?post=5483"}],"version-history":[{"count":2,"href":"https:\/\/germanmarcano.com\/germansite\/wp-json\/wp\/v2\/pages\/5483\/revisions"}],"predecessor-version":[{"id":5490,"href":"https:\/\/germanmarcano.com\/germansite\/wp-json\/wp\/v2\/pages\/5483\/revisions\/5490"}],"wp:attachment":[{"href":"https:\/\/germanmarcano.com\/germansite\/wp-json\/wp\/v2\/media?parent=5483"}],"curies":[{"name":"wp","href":"https:\/\/api.w.org\/{rel}","templated":true}]}}